{"id":11592,"date":"2021-05-25T17:34:34","date_gmt":"2021-05-25T17:34:34","guid":{"rendered":"https:\/\/cnf.blueprinted.marketing\/?page_id=11592"},"modified":"2021-08-19T15:38:03","modified_gmt":"2021-08-19T19:38:03","slug":"remercier-une-infirmiere-un-infirmier","status":"publish","type":"page","link":"https:\/\/cnf-fiic.ca\/fr\/remercier-une-infirmiere-un-infirmier\/","title":{"rendered":"Remercier une infirmi\u00e8re\/un infirmier!"},"content":{"rendered":"\t\t<div data-elementor-type=\"wp-page\" data-elementor-id=\"11592\" class=\"elementor elementor-11592\" data-elementor-post-type=\"page\">\n\t\t\t\t\t\t<section class=\"elementor-section elementor-top-section elementor-element elementor-element-5d739e9 elementor-section-full_width elementor-section-height-min-height elementor-section-items-stretch elementor-section-content-middle elementor-reverse-mobile elementor-section-height-default\" data-id=\"5d739e9\" data-element_type=\"section\" data-e-type=\"section\" data-settings=\"{&quot;background_background&quot;:&quot;none&quot;}\">\n\t\t\t\t\t\t<div class=\"elementor-container elementor-column-gap-no\">\n\t\t\t\t\t<div class=\"elementor-column elementor-col-50 elementor-top-column elementor-element elementor-element-291c0d8\" data-id=\"291c0d8\" data-element_type=\"column\" data-e-type=\"column\" data-settings=\"{&quot;background_background&quot;:&quot;classic&quot;}\">\n\t\t\t<div class=\"elementor-widget-wrap elementor-element-populated\">\n\t\t\t\t\t\t<div class=\"elementor-element elementor-element-2fdb2dc elementor-widget elementor-widget-image\" data-id=\"2fdb2dc\" data-element_type=\"widget\" data-e-type=\"widget\" data-widget_type=\"image.default\">\n\t\t\t\t<div class=\"elementor-widget-container\">\n\t\t\t\t\t\t\t\t\t\t\t\t\t\t\t<img fetchpriority=\"high\" decoding=\"async\" width=\"1080\" height=\"808\" src=\"https:\/\/cnf-fiic.ca\/wp-content\/uploads\/2021\/05\/ThankANurse.png\" class=\"attachment-full size-full wp-image-11583\" alt=\"Thank A Nurse\" srcset=\"https:\/\/cnf-fiic.ca\/wp-content\/uploads\/2021\/05\/ThankANurse.png 1080w, https:\/\/cnf-fiic.ca\/wp-content\/uploads\/2021\/05\/ThankANurse-300x224.png 300w, https:\/\/cnf-fiic.ca\/wp-content\/uploads\/2021\/05\/ThankANurse-1024x766.png 1024w, https:\/\/cnf-fiic.ca\/wp-content\/uploads\/2021\/05\/ThankANurse-768x575.png 768w\" sizes=\"(max-width: 1080px) 100vw, 1080px\" \/>\t\t\t\t\t\t\t\t\t\t\t\t\t\t\t<\/div>\n\t\t\t\t<\/div>\n\t\t\t\t<div class=\"elementor-element elementor-element-73f2be6 elementor-widget elementor-widget-text-editor\" data-id=\"73f2be6\" data-element_type=\"widget\" data-e-type=\"widget\" data-widget_type=\"text-editor.default\">\n\t\t\t\t<div class=\"elementor-widget-container\">\n\t\t\t\t\t\t\t\t\t<p>L\u2019appel de nominations pour son initiative <strong>Remercier une infirmi\u00e8re\/un infirmier<\/strong> 2021 est MAINTENANT FERM\u00c9!<\/p>\t\t\t\t\t\t\t\t<\/div>\n\t\t\t\t<\/div>\n\t\t\t\t<div class=\"elementor-element elementor-element-a8164b6 elementor-align-center elementor-widget elementor-widget-button\" data-id=\"a8164b6\" data-element_type=\"widget\" data-e-type=\"widget\" data-widget_type=\"button.default\">\n\t\t\t\t<div class=\"elementor-widget-container\">\n\t\t\t\t\t\t\t\t\t<div class=\"elementor-button-wrapper\">\n\t\t\t\t\t<a class=\"elementor-button elementor-size-sm\" role=\"button\">\n\t\t\t\t\t\t<span class=\"elementor-button-content-wrapper\">\n\t\t\t\t\t\t\t\t\t<span class=\"elementor-button-text\">FERM\u00c9<\/span>\n\t\t\t\t\t<\/span>\n\t\t\t\t\t<\/a>\n\t\t\t\t<\/div>\n\t\t\t\t\t\t\t\t<\/div>\n\t\t\t\t<\/div>\n\t\t\t\t\t<\/div>\n\t\t<\/div>\n\t\t\t\t<div class=\"elementor-column elementor-col-50 elementor-top-column elementor-element elementor-element-a7831b5\" data-id=\"a7831b5\" data-element_type=\"column\" data-e-type=\"column\" data-settings=\"{&quot;background_background&quot;:&quot;none&quot;}\">\n\t\t\t<div class=\"elementor-widget-wrap elementor-element-populated\">\n\t\t\t\t\t\t<div class=\"elementor-element elementor-element-ddccc2b elementor-widget elementor-widget-heading\" data-id=\"ddccc2b\" data-element_type=\"widget\" data-e-type=\"widget\" data-widget_type=\"heading.default\">\n\t\t\t\t<div class=\"elementor-widget-container\">\n\t\t\t\t\t<h2 class=\"elementor-heading-title elementor-size-default\">Remercier une infirmi\u00e8re\/un infirmier!<\/h2>\t\t\t\t<\/div>\n\t\t\t\t<\/div>\n\t\t\t\t<div class=\"elementor-element elementor-element-253fcab elementor-widget-divider--view-line elementor-widget elementor-widget-divider\" data-id=\"253fcab\" data-element_type=\"widget\" data-e-type=\"widget\" data-widget_type=\"divider.default\">\n\t\t\t\t<div class=\"elementor-widget-container\">\n\t\t\t\t\t\t\t<div class=\"elementor-divider\">\n\t\t\t<span class=\"elementor-divider-separator\">\n\t\t\t\t\t\t<\/span>\n\t\t<\/div>\n\t\t\t\t\t\t<\/div>\n\t\t\t\t<\/div>\n\t\t\t\t<div class=\"elementor-element elementor-element-4875076 elementor-widget elementor-widget-text-editor\" data-id=\"4875076\" data-element_type=\"widget\" data-e-type=\"widget\" data-widget_type=\"text-editor.default\">\n\t\t\t\t<div class=\"elementor-widget-container\">\n\t\t\t\t\t\t\t\t\t<h2><strong>Remercions et c\u00e9l\u00e9brons les infirmi\u00e8res et infirmiers du Canada!<\/strong><\/h2><p>Mettons en vedette comme il se doit les membres h\u00e9ro\u00efques de la profession infirmi\u00e8re! Cette initiative vise \u00e0 reconna\u00eetre les infirmi\u00e8res et infirmiers \u0153uvrant dans tous les domaines de pratique dans toutes les provinces et tous les territoires du pays. Nous vous invitons \u00e0 mettre en nomination une infirmi\u00e8re\/un infirmier \u00e0 qui la FIIC devrait rendre un hommage national.<\/p><p><em>Chaque<\/em> infirmi\u00e8re\/infirmier en nomination pourra\u00a0:<\/p><ul><li>Recevoir un billet gratuit pour la MaskerAide 2021 de la FIIC, \u00e9v\u00e9nement virtuel immersif qui aura lieu le 28 octobre 2021<\/li><li>Obtenir une reconnaissance nationale lors de la MaskerAide Nightingale 2021 de la FIIC<\/li><li>\u00catre la vedette d\u2019une publication #Remercieruneinfirmiere sur les r\u00e9seaux sociaux de la FIIC cette ann\u00e9e<\/li><\/ul><p>Les 65 infirmi\u00e8res\/infirmiers qui accepteront leur nomination en premier lieu recevront un masque dor\u00e9 exclusif de marque Diana Coatsworth Design et un sac fourre-tout assorti.<\/p><h3><strong>METTEZ EN NOMINATION UNE INFIRMI\u00c8RE\/UN INFIRMIER<\/strong><\/h3><p>Les mises en nomination pour l\u2019initiative Remercier une infirmi\u00e8re\/un infirmier 2021 de la FIIC sont termin\u00e9es. Merci \u00e0 toutes les personnes qui ont fait des nominations. Allez \u00e0 <a href=\"http:\/\/www.cnfmaskeraide.ca\">www.cnfmaskeraide.ca<\/a> pour savoir comment la FIIC rendra hommage aux infirmi\u00e8res et infirmiers du pays cette ann\u00e9e.<\/p>\t\t\t\t\t\t\t\t<\/div>\n\t\t\t\t<\/div>\n\t\t\t\t\t<\/div>\n\t\t<\/div>\n\t\t\t\t\t<\/div>\n\t\t<\/section>\n\t\t\t\t<\/div>\n\t\t","protected":false},"excerpt":{"rendered":"<p>L\u2019appel de nominations pour son initiative Remercier une infirmi\u00e8re\/un infirmier 2021 est MAINTENANT FERM\u00c9! FERM\u00c9 Remercier une infirmi\u00e8re\/un infirmier! Remercions et c\u00e9l\u00e9brons les infirmi\u00e8res et infirmiers du Canada! Mettons en vedette comme il se doit les membres h\u00e9ro\u00efques de la profession infirmi\u00e8re! Cette initiative vise \u00e0 reconna\u00eetre les infirmi\u00e8res et infirmiers \u0153uvrant dans tous les [&hellip;]<\/p>\n","protected":false},"author":49,"featured_media":0,"parent":0,"menu_order":0,"comment_status":"closed","ping_status":"closed","template":"","meta":{"footnotes":"","_links_to":"","_links_to_target":""},"class_list":["post-11592","page","type-page","status-publish","hentry"],"_links":{"self":[{"href":"https:\/\/cnf-fiic.ca\/fr\/wp-json\/wp\/v2\/pages\/11592","targetHints":{"allow":["GET"]}}],"collection":[{"href":"https:\/\/cnf-fiic.ca\/fr\/wp-json\/wp\/v2\/pages"}],"about":[{"href":"https:\/\/cnf-fiic.ca\/fr\/wp-json\/wp\/v2\/types\/page"}],"author":[{"embeddable":true,"href":"https:\/\/cnf-fiic.ca\/fr\/wp-json\/wp\/v2\/users\/49"}],"replies":[{"embeddable":true,"href":"https:\/\/cnf-fiic.ca\/fr\/wp-json\/wp\/v2\/comments?post=11592"}],"version-history":[{"count":0,"href":"https:\/\/cnf-fiic.ca\/fr\/wp-json\/wp\/v2\/pages\/11592\/revisions"}],"wp:attachment":[{"href":"https:\/\/cnf-fiic.ca\/fr\/wp-json\/wp\/v2\/media?parent=11592"}],"curies":[{"name":"wp","href":"https:\/\/api.w.org\/{rel}","templated":true}]}}