{"id":11629,"date":"2021-05-26T01:30:28","date_gmt":"2021-05-26T01:30:28","guid":{"rendered":"https:\/\/cnf.blueprinted.marketing\/?page_id=11629"},"modified":"2021-07-22T14:57:48","modified_gmt":"2021-07-22T18:57:48","slug":"notre-histoire","status":"publish","type":"page","link":"https:\/\/cnf-fiic.ca\/fr\/notre-histoire\/","title":{"rendered":"Notre Histoire"},"content":{"rendered":"\t\t<div data-elementor-type=\"wp-page\" data-elementor-id=\"11629\" class=\"elementor elementor-11629\" data-elementor-post-type=\"page\">\n\t\t\t\t\t\t<section class=\"elementor-section elementor-top-section elementor-element elementor-element-5d739e9 elementor-section-full_width elementor-section-height-min-height elementor-section-items-stretch elementor-section-content-middle elementor-section-height-default\" data-id=\"5d739e9\" data-element_type=\"section\" data-e-type=\"section\" data-settings=\"{&quot;background_background&quot;:&quot;none&quot;,&quot;shape_divider_bottom_negative&quot;:&quot;yes&quot;,&quot;shape_divider_bottom&quot;:&quot;triangle&quot;}\">\n\t\t\t\t\t<div class=\"elementor-shape elementor-shape-bottom\" aria-hidden=\"true\" data-negative=\"true\">\n\t\t\t<svg xmlns=\"http:\/\/www.w3.org\/2000\/svg\" viewBox=\"0 0 1000 100\" preserveAspectRatio=\"none\">\n\t<path class=\"elementor-shape-fill\" d=\"M500.2,94.7L0,0v100h1000V0L500.2,94.7z\"\/>\n<\/svg>\t\t<\/div>\n\t\t\t\t\t<div class=\"elementor-container elementor-column-gap-no\">\n\t\t\t\t\t<div class=\"elementor-column elementor-col-50 elementor-top-column elementor-element elementor-element-a7831b5\" data-id=\"a7831b5\" data-element_type=\"column\" data-e-type=\"column\" data-settings=\"{&quot;background_background&quot;:&quot;none&quot;}\">\n\t\t\t<div class=\"elementor-widget-wrap elementor-element-populated\">\n\t\t\t\t\t\t<div class=\"elementor-element elementor-element-ddccc2b elementor-widget elementor-widget-heading\" data-id=\"ddccc2b\" data-element_type=\"widget\" data-e-type=\"widget\" data-widget_type=\"heading.default\">\n\t\t\t\t<div class=\"elementor-widget-container\">\n\t\t\t\t\t<h2 class=\"elementor-heading-title elementor-size-default\">Notre Histoire<\/h2>\t\t\t\t<\/div>\n\t\t\t\t<\/div>\n\t\t\t\t<div class=\"elementor-element elementor-element-253fcab elementor-widget-divider--view-line elementor-widget elementor-widget-divider\" data-id=\"253fcab\" data-element_type=\"widget\" data-e-type=\"widget\" data-widget_type=\"divider.default\">\n\t\t\t\t<div class=\"elementor-widget-container\">\n\t\t\t\t\t\t\t<div class=\"elementor-divider\">\n\t\t\t<span class=\"elementor-divider-separator\">\n\t\t\t\t\t\t<\/span>\n\t\t<\/div>\n\t\t\t\t\t\t<\/div>\n\t\t\t\t<\/div>\n\t\t\t\t<div class=\"elementor-element elementor-element-4875076 elementor-widget elementor-widget-text-editor\" data-id=\"4875076\" data-element_type=\"widget\" data-e-type=\"widget\" data-widget_type=\"text-editor.default\">\n\t\t\t\t<div class=\"elementor-widget-container\">\n\t\t\t\t\t\t\t\t\t<p>Depuis 1962, la Fondation des infirmi\u00e8res et infirmiers du Canada aide des infirmi\u00e8res et infirmiers \u00e0 apprendre, \u00e0 poursuivre des recherches et \u00e0 faire avancer les meilleures pratiques infirmi\u00e8res. \u00a0Nous am\u00e9liorons la prestation des soins de sant\u00e9 en octroyant des bourses \u00e0 des \u00e9tudiantes\/\u00e9tudiants et infirmi\u00e8res\/infirmiers \u00e0 tous les niveaux d\u2019\u00e9tudes et en finan\u00e7ant des recherches men\u00e9es par des infirmi\u00e8res\/infirmiers qui am\u00e9liorent la qualit\u00e9 et l\u2019efficacit\u00e9 des soins aux patients.<\/p><p>Au Canada, pr\u00e8s de 440 000 infirmi\u00e8res et infirmiers autoris\u00e9s et auxiliaires oeuvrent aupr\u00e8s des personnes de tous \u00e2ges et \u00e0 toutes les \u00e9tapes de la vie \u2014 dans un cadre clinique et dans l\u2019enseignement, la recherche, l\u2019administration et la formulation des politiques. Les infirmi\u00e8res et infirmiers jouent un r\u00f4le de premier plan dans la sant\u00e9 publique, la s\u00e9curit\u00e9 des patients et l\u2019obtention de bons r\u00e9sultats en soins de sant\u00e9.<\/p>\t\t\t\t\t\t\t\t<\/div>\n\t\t\t\t<\/div>\n\t\t\t\t<section class=\"elementor-section elementor-inner-section elementor-element elementor-element-a74d84b elementor-section-boxed elementor-section-height-default elementor-section-height-default\" data-id=\"a74d84b\" data-element_type=\"section\" data-e-type=\"section\">\n\t\t\t\t\t\t<div class=\"elementor-container elementor-column-gap-narrow\">\n\t\t\t\t\t<div class=\"elementor-column elementor-col-50 elementor-inner-column elementor-element elementor-element-85ae230\" data-id=\"85ae230\" data-element_type=\"column\" data-e-type=\"column\">\n\t\t\t<div class=\"elementor-widget-wrap elementor-element-populated\">\n\t\t\t\t\t\t<div class=\"elementor-element elementor-element-02f0fe4 elementor-widget elementor-widget-text-editor\" data-id=\"02f0fe4\" data-element_type=\"widget\" data-e-type=\"widget\" data-widget_type=\"text-editor.default\">\n\t\t\t\t<div class=\"elementor-widget-container\">\n\t\t\t\t\t\t\t\t\t<p>Faites un don pour soutenir la recherche infirmi\u00e8re, le personnel infirmier et les \u00e9tudiantes\/\u00e9tudiants en sciences infirmi\u00e8res \u2192<\/p>\t\t\t\t\t\t\t\t<\/div>\n\t\t\t\t<\/div>\n\t\t\t\t\t<\/div>\n\t\t<\/div>\n\t\t\t\t<div class=\"elementor-column elementor-col-50 elementor-inner-column elementor-element elementor-element-19a6d73\" data-id=\"19a6d73\" data-element_type=\"column\" data-e-type=\"column\">\n\t\t\t<div class=\"elementor-widget-wrap elementor-element-populated\">\n\t\t\t\t\t\t<div class=\"elementor-element elementor-element-a8164b6 elementor-widget elementor-widget-button\" data-id=\"a8164b6\" data-element_type=\"widget\" data-e-type=\"widget\" data-widget_type=\"button.default\">\n\t\t\t\t<div class=\"elementor-widget-container\">\n\t\t\t\t\t\t\t\t\t<div class=\"elementor-button-wrapper\">\n\t\t\t\t\t<a class=\"elementor-button elementor-button-link elementor-size-sm\" href=\"https:\/\/www.imakeanonlinedonation.org\/cnf-fiic\/\" target=\"_blank\">\n\t\t\t\t\t\t<span class=\"elementor-button-content-wrapper\">\n\t\t\t\t\t\t\t\t\t<span class=\"elementor-button-text\">SOUTENEZ LES INFIRMI\u00c8RES ET INFIRMIERS<\/span>\n\t\t\t\t\t<\/span>\n\t\t\t\t\t<\/a>\n\t\t\t\t<\/div>\n\t\t\t\t\t\t\t\t<\/div>\n\t\t\t\t<\/div>\n\t\t\t\t\t<\/div>\n\t\t<\/div>\n\t\t\t\t\t<\/div>\n\t\t<\/section>\n\t\t\t\t\t<\/div>\n\t\t<\/div>\n\t\t\t\t<div class=\"elementor-column elementor-col-50 elementor-top-column elementor-element elementor-element-291c0d8\" data-id=\"291c0d8\" data-element_type=\"column\" data-e-type=\"column\" data-settings=\"{&quot;background_background&quot;:&quot;classic&quot;}\">\n\t\t\t<div class=\"elementor-widget-wrap elementor-element-populated\">\n\t\t\t\t\t\t<div class=\"elementor-element elementor-element-252ee0a elementor--h-position-center elementor--v-position-middle elementor-pagination-position-inside elementor-widget elementor-widget-slides\" data-id=\"252ee0a\" data-element_type=\"widget\" data-e-type=\"widget\" data-settings=\"{&quot;navigation&quot;:&quot;dots&quot;,&quot;transition&quot;:&quot;fade&quot;,&quot;autoplay&quot;:&quot;yes&quot;,&quot;pause_on_hover&quot;:&quot;yes&quot;,&quot;pause_on_interaction&quot;:&quot;yes&quot;,&quot;autoplay_speed&quot;:5000,&quot;infinite&quot;:&quot;yes&quot;,&quot;transition_speed&quot;:500}\" data-widget_type=\"slides.default\">\n\t\t\t\t<div class=\"elementor-widget-container\">\n\t\t\t\t\t\t\t\t\t<div class=\"elementor-swiper\">\n\t\t\t\t\t<div class=\"elementor-slides-wrapper elementor-main-swiper swiper\" role=\"region\" aria-roledescription=\"carousel\" aria-label=\"Diapositives\" dir=\"ltr\" data-animation=\"fadeInUp\">\n\t\t\t\t<div class=\"swiper-wrapper elementor-slides\">\n\t\t\t\t\t\t\t\t\t\t<div class=\"elementor-repeater-item-c8314a4 swiper-slide\" role=\"group\" aria-roledescription=\"slide\"><div class=\"swiper-slide-bg\" role=\"img\" aria-label=\"CNF Our HIstory\"><\/div><div class=\"swiper-slide-inner\" ><div class=\"swiper-slide-contents\"><\/div><\/div><\/div>\t\t\t\t<\/div>\n\t\t\t\t\t\t\t<\/div>\n\t\t\t\t<\/div>\n\t\t\t\t\t\t\t\t<\/div>\n\t\t\t\t<\/div>\n\t\t\t\t\t<\/div>\n\t\t<\/div>\n\t\t\t\t\t<\/div>\n\t\t<\/section>\n\t\t\t\t<section class=\"elementor-section elementor-top-section elementor-element elementor-element-aeaf130 elementor-section-boxed elementor-section-height-default elementor-section-height-default\" data-id=\"aeaf130\" data-element_type=\"section\" data-e-type=\"section\" data-settings=\"{&quot;shape_divider_top&quot;:&quot;triangle&quot;}\">\n\t\t\t\t\t<div class=\"elementor-shape elementor-shape-top\" aria-hidden=\"true\" data-negative=\"false\">\n\t\t\t<svg xmlns=\"http:\/\/www.w3.org\/2000\/svg\" viewBox=\"0 0 1000 100\" preserveAspectRatio=\"none\">\n\t<path class=\"elementor-shape-fill\" d=\"M500,98.9L0,6.1V0h1000v6.1L500,98.9z\"\/>\n<\/svg>\t\t<\/div>\n\t\t\t\t\t<div class=\"elementor-container elementor-column-gap-default\">\n\t\t\t\t\t<div class=\"elementor-column elementor-col-100 elementor-top-column elementor-element elementor-element-0466cf9\" data-id=\"0466cf9\" data-element_type=\"column\" data-e-type=\"column\">\n\t\t\t<div class=\"elementor-widget-wrap\">\n\t\t\t\t\t\t\t<\/div>\n\t\t<\/div>\n\t\t\t\t\t<\/div>\n\t\t<\/section>\n\t\t\t\t<section class=\"elementor-section elementor-top-section elementor-element elementor-element-072a420 elementor-section-full_width elementor-section-height-default elementor-section-height-default\" data-id=\"072a420\" data-element_type=\"section\" data-e-type=\"section\">\n\t\t\t\t\t\t<div class=\"elementor-container elementor-column-gap-no\">\n\t\t\t\t\t<div class=\"elementor-column elementor-col-100 elementor-top-column elementor-element elementor-element-db0cc5c\" data-id=\"db0cc5c\" data-element_type=\"column\" data-e-type=\"column\">\n\t\t\t<div class=\"elementor-widget-wrap elementor-element-populated\">\n\t\t\t\t\t\t<div class=\"elementor-element elementor-element-ca6f1e0 elementor-widget elementor-widget-heading\" data-id=\"ca6f1e0\" data-element_type=\"widget\" data-e-type=\"widget\" data-widget_type=\"heading.default\">\n\t\t\t\t<div class=\"elementor-widget-container\">\n\t\t\t\t\t<h2 class=\"elementor-heading-title elementor-size-default\">Excellence en soins infirmiers<br> et soins depuis 1962<\/h2>\t\t\t\t<\/div>\n\t\t\t\t<\/div>\n\t\t\t\t\t<\/div>\n\t\t<\/div>\n\t\t\t\t\t<\/div>\n\t\t<\/section>\n\t\t\t\t<section class=\"elementor-section elementor-top-section elementor-element elementor-element-a42baa8 elementor-section-boxed elementor-section-height-default elementor-section-height-default\" data-id=\"a42baa8\" data-element_type=\"section\" data-e-type=\"section\">\n\t\t\t\t\t\t\t<div class=\"elementor-background-overlay\"><\/div>\n\t\t\t\t\t\t\t<div class=\"elementor-container elementor-column-gap-default\">\n\t\t\t\t\t<div class=\"elementor-column elementor-col-33 elementor-top-column elementor-element elementor-element-1adaded\" data-id=\"1adaded\" data-element_type=\"column\" data-e-type=\"column\">\n\t\t\t<div class=\"elementor-widget-wrap\">\n\t\t\t\t\t\t\t<\/div>\n\t\t<\/div>\n\t\t\t\t<div class=\"elementor-column elementor-col-33 elementor-top-column elementor-element elementor-element-a54ea28\" data-id=\"a54ea28\" data-element_type=\"column\" data-e-type=\"column\" data-settings=\"{&quot;background_background&quot;:&quot;none&quot;}\">\n\t\t\t<div class=\"elementor-widget-wrap elementor-element-populated\">\n\t\t\t\t\t\t<div class=\"elementor-element elementor-element-7fc6b22 elementor-widget elementor-widget-heading\" data-id=\"7fc6b22\" data-element_type=\"widget\" data-e-type=\"widget\" data-widget_type=\"heading.default\">\n\t\t\t\t<div class=\"elementor-widget-container\">\n\t\t\t\t\t<h2 class=\"elementor-heading-title elementor-size-default\">Nos Principles<\/h2>\t\t\t\t<\/div>\n\t\t\t\t<\/div>\n\t\t\t\t<div class=\"elementor-element elementor-element-1624df9 elementor-widget-divider--view-line elementor-widget elementor-widget-divider\" data-id=\"1624df9\" data-element_type=\"widget\" data-e-type=\"widget\" data-widget_type=\"divider.default\">\n\t\t\t\t<div class=\"elementor-widget-container\">\n\t\t\t\t\t\t\t<div class=\"elementor-divider\">\n\t\t\t<span class=\"elementor-divider-separator\">\n\t\t\t\t\t\t<\/span>\n\t\t<\/div>\n\t\t\t\t\t\t<\/div>\n\t\t\t\t<\/div>\n\t\t\t\t<div class=\"elementor-element elementor-element-b0bfcfb elementor-widget elementor-widget-text-editor\" data-id=\"b0bfcfb\" data-element_type=\"widget\" data-e-type=\"widget\" data-widget_type=\"text-editor.default\">\n\t\t\t\t<div class=\"elementor-widget-container\">\n\t\t\t\t\t\t\t\t\t<p>La Fondation des infirmi\u00e8res et infirmiers du Canada contribue \u00e0 doter le pays de soins de sant\u00e9 de calibre mondial en mobilisant des fonds pour faire progresser les \u00e9tudes et la recherche infirmi\u00e8res et en reconnaissant les m\u00e9rites professionnels de nos infirmi\u00e8res et infirmiers.\u00a0Nous investissons dans l\u2019excellence infirmi\u00e8re qui permet de mieux soigner les patients.<\/p><p>Les infirmi\u00e8res et infirmiers veillent sur les patients dans leur globalit\u00e9 \u00e0 travers le prisme des d\u00e9terminants sociaux et \u00e9conomiques de la sant\u00e9. Leurs soins tiennent compte des modes de vie et leur pr\u00e9sence est souvent le point d\u2019ancrage des \u00e9quipes de soins qui \u0153uvrent aupr\u00e8s des patients. Votre investissement dans le personnel infirmier am\u00e9liorera la sant\u00e9 de la population et la qualit\u00e9 des soins au pays.<\/p>\t\t\t\t\t\t\t\t<\/div>\n\t\t\t\t<\/div>\n\t\t\t\t<div class=\"elementor-element elementor-element-ca006a4 elementor-widget elementor-widget-accordion\" data-id=\"ca006a4\" data-element_type=\"widget\" data-e-type=\"widget\" data-widget_type=\"accordion.default\">\n\t\t\t\t<div class=\"elementor-widget-container\">\n\t\t\t\t\t\t\t<div class=\"elementor-accordion\">\n\t\t\t\t\t\t\t<div class=\"elementor-accordion-item\">\n\t\t\t\t\t<div id=\"elementor-tab-title-2111\" class=\"elementor-tab-title\" data-tab=\"1\" role=\"button\" aria-controls=\"elementor-tab-content-2111\" aria-expanded=\"false\">\n\t\t\t\t\t\t\t\t\t\t\t\t\t<span class=\"elementor-accordion-icon elementor-accordion-icon-left\" aria-hidden=\"true\">\n\t\t\t\t\t\t\t\t\t\t\t\t\t\t\t<span class=\"elementor-accordion-icon-closed\"><i class=\"fas fa-angle-double-down\"><\/i><\/span>\n\t\t\t\t\t\t\t\t<span class=\"elementor-accordion-icon-opened\"><i class=\"fas fa-minus\"><\/i><\/span>\n\t\t\t\t\t\t\t\t\t\t\t\t\t\t<\/span>\n\t\t\t\t\t\t\t\t\t\t\t\t<a class=\"elementor-accordion-title\" tabindex=\"0\">Apprenez-en plus sur notre histoire<\/a>\n\t\t\t\t\t<\/div>\n\t\t\t\t\t<div id=\"elementor-tab-content-2111\" class=\"elementor-tab-content elementor-clearfix\" data-tab=\"1\" role=\"region\" aria-labelledby=\"elementor-tab-title-2111\"><p> \njQuery(document).ready(function($) { \nvar delay = 100; setTimeout(function() { \n$(&lsquo;.elementor-tab-title&rsquo;).removeClass(&lsquo;elementor-active&rsquo;);\n $(&lsquo;.elementor-tab-content&rsquo;).css(&lsquo;display&rsquo;, &lsquo;none&rsquo;); }, delay); \n}); \n<\/p><p>L\u2019histoire de la Fondation des infirmi\u00e8res et infirmiers du Canada suit dans une large mesure celle de l\u2019assurance maladie au pays. Au d\u00e9but des ann\u00e9es 1960, la soci\u00e9t\u00e9 canadienne \u00e9tait vivement pr\u00e9occup\u00e9e par l\u2019\u00e9tat du syst\u00e8me de sant\u00e9.<\/p><p>En 1961, toutes les provinces du Canada ont adh\u00e9r\u00e9 \u00e0 la Loi sur l\u2019assurance-hospitalisation et les services diagnostiques \u2013 l\u00e9gislation novatrice qui cr\u00e9ait un v\u00e9ritable r\u00e9gime national d\u2019assurance maladie universelle. Le Canada a opt\u00e9 pour le financement public du syst\u00e8me de sant\u00e9 et ne l\u2019a jamais regrett\u00e9.<\/p><p>La m\u00eame ann\u00e9e, on instituait la Commission royale d\u2019enqu\u00eate sur les services de sant\u00e9, laquelle a \u00e9mis quatre recommandations dont l\u2019une consistait \u00e0 se pencher sur l\u2019enseignement infirmier.<\/p><p>Auparavant, l\u2019Association des infirmi\u00e8res et infirmiers du Canada (AIIC) avait demand\u00e9 \u00e0 Helen Mussallem, Ph.D., de r\u00e9aliser une enqu\u00eate aupr\u00e8s des \u00e9coles de sciences infirmi\u00e8res du pays afin d\u2019\u00e9valuer dans quelle mesure elles \u00e9taient pr\u00eates \u00e0 adopter un syst\u00e8me national d\u2019agr\u00e9ment. Ses conclusions et celles de la Commission ont convaincu l\u2019AIIC qu\u2019il \u00e9tait temps de mettre sur pied un comit\u00e9 sp\u00e9cial charg\u00e9 de cr\u00e9er une fondation.<\/p><p>Ce comit\u00e9 r\u00e9unissait neuf femmes qui envisageaient l\u2019attribution d\u2019un r\u00f4le beaucoup plus important aux infirmi\u00e8res et infirmiers dans le syst\u00e8me de sant\u00e9. Ces visionnaires \u2013 Helen Carpenter, Alice Girard, Ella Mae Howard, Corinne Laflamme, Katherine MacLaggan, Electa MacLennan, Lillian Pettigrew, Mary Richmond et Pearl Stiver \u2013 ont contribu\u00e9 \u00e0 la cr\u00e9ation de la Fondation des infirmi\u00e8res et infirmiers du Canada.<\/p><p>Elles r\u00eavaient de faire des soins infirmiers une profession reconnue et respect\u00e9e. Elles ont pressenti que les \u00e9tudes infirmi\u00e8res pouvaient aller bien au-del\u00e0 du dipl\u00f4me obtenu \u00e0 l\u2019h\u00f4pital. Elles ont compris que les infirmi\u00e8res et infirmiers pouvaient jouer un r\u00f4le beaucoup plus \u00e9tendu et plus important dans les soins aux patients dans une vaste gamme de sp\u00e9cialisations. Elles savaient que les infirmi\u00e8res et infirmiers voudraient apprendre et approfondir leurs connaissances tout au long de leur carri\u00e8re.<\/p><p>La mise sur pied de la Fondation des infirmi\u00e8res et infirmiers du Canada en 1962 a chang\u00e9 les choses pour les infirmi\u00e8res et infirmiers du pays qui ne disposaient jusqu\u2019alors d\u2019aucune source d\u2019aide financi\u00e8re pour poursuivre leurs \u00e9tudes, puis mener des recherches sur les soins infirmiers.<\/p><p>Depuis 50 ans, la Fondation des infirmi\u00e8res et infirmiers du Canada a accord\u00e9 des bourses d\u2019\u00e9tudes et de soutien et des subventions de recherche \u00e0 plus de 1\u00a0500 infirmi\u00e8res et infirmiers et \u00e9tudiantes et \u00e9tudiants en sciences infirmi\u00e8res au pays. Ceci repr\u00e9sente plus de 10 millions de dollars. En plus de transformer la vie des infirmi\u00e8res et infirmiers, ces sommes ont grandement am\u00e9lior\u00e9 l\u2019exp\u00e9rience et la sant\u00e9 des millions de patients qui ont profit\u00e9 de nos investissements.<\/p><p>Tous les collaborateurs de la Fondation des infirmi\u00e8res et infirmiers du Canada sont tr\u00e8s fiers du travail incroyable accompli jusqu\u2019\u00e0 maintenant, mais il reste beaucoup \u00e0 faire.<\/p><p>Actuellement, nous ne pouvons accorder de bourse qu\u2019\u00e0 une personne m\u00e9ritante sur cinq qui en fait la demande. Nous devons faire beaucoup plus pour donner suite \u00e0 la vision des neuf femmes d\u00e9termin\u00e9es qui nous ont mis en route en 1962. Nous avons la ferme intention de contribuer \u00e0 la pleine r\u00e9alisation de cette vision.<\/p><\/div>\n\t\t\t\t<\/div>\n\t\t\t\t\t\t\t\t<\/div>\n\t\t\t\t\t\t<\/div>\n\t\t\t\t<\/div>\n\t\t\t\t<section class=\"elementor-section elementor-inner-section elementor-element elementor-element-b5cc2d5 elementor-section-boxed elementor-section-height-default elementor-section-height-default\" data-id=\"b5cc2d5\" data-element_type=\"section\" data-e-type=\"section\">\n\t\t\t\t\t\t<div class=\"elementor-container elementor-column-gap-default\">\n\t\t\t\t\t<div class=\"elementor-column elementor-col-25 elementor-inner-column elementor-element elementor-element-d5096e8\" data-id=\"d5096e8\" data-element_type=\"column\" data-e-type=\"column\">\n\t\t\t<div class=\"elementor-widget-wrap\">\n\t\t\t\t\t\t\t<\/div>\n\t\t<\/div>\n\t\t\t\t<div class=\"elementor-column elementor-col-25 elementor-inner-column elementor-element elementor-element-70da332\" data-id=\"70da332\" data-element_type=\"column\" data-e-type=\"column\">\n\t\t\t<div class=\"elementor-widget-wrap elementor-element-populated\">\n\t\t\t\t\t\t<div class=\"elementor-element elementor-element-a33f28c elementor-view-default elementor-widget elementor-widget-icon\" data-id=\"a33f28c\" data-element_type=\"widget\" data-e-type=\"widget\" data-settings=\"{&quot;_animation&quot;:&quot;none&quot;}\" data-widget_type=\"icon.default\">\n\t\t\t\t<div class=\"elementor-widget-container\">\n\t\t\t\t\t\t\t<div class=\"elementor-icon-wrapper\">\n\t\t\t<div class=\"elementor-icon\">\n\t\t\t<i aria-hidden=\"true\" class=\"fas fa-heartbeat\"><\/i>\t\t\t<\/div>\n\t\t<\/div>\n\t\t\t\t\t\t<\/div>\n\t\t\t\t<\/div>\n\t\t\t\t\t<\/div>\n\t\t<\/div>\n\t\t\t\t<div class=\"elementor-column elementor-col-25 elementor-inner-column elementor-element elementor-element-3de870b\" data-id=\"3de870b\" data-element_type=\"column\" data-e-type=\"column\">\n\t\t\t<div class=\"elementor-widget-wrap elementor-element-populated\">\n\t\t\t\t\t\t<div class=\"elementor-element elementor-element-97ca06e elementor-widget elementor-widget-heading\" data-id=\"97ca06e\" data-element_type=\"widget\" data-e-type=\"widget\" data-widget_type=\"heading.default\">\n\t\t\t\t<div class=\"elementor-widget-container\">\n\t\t\t\t\t<h2 class=\"elementor-heading-title elementor-size-small\">Notre Vision<\/h2>\t\t\t\t<\/div>\n\t\t\t\t<\/div>\n\t\t\t\t<div class=\"elementor-element elementor-element-22f2159 elementor-widget elementor-widget-text-editor\" data-id=\"22f2159\" data-element_type=\"widget\" data-e-type=\"widget\" data-widget_type=\"text-editor.default\">\n\t\t\t\t<div class=\"elementor-widget-container\">\n\t\t\t\t\t\t\t\t\t<p>L\u2019excellence des soins infirmiers.<\/p><p><span style=\"text-align: center\">\u00a0<\/span><\/p>\t\t\t\t\t\t\t\t<\/div>\n\t\t\t\t<\/div>\n\t\t\t\t<div class=\"elementor-element elementor-element-e50d505 elementor-widget elementor-widget-heading\" data-id=\"e50d505\" data-element_type=\"widget\" data-e-type=\"widget\" data-widget_type=\"heading.default\">\n\t\t\t\t<div class=\"elementor-widget-container\">\n\t\t\t\t\t<h2 class=\"elementor-heading-title elementor-size-small\">Notre Mission<\/h2>\t\t\t\t<\/div>\n\t\t\t\t<\/div>\n\t\t\t\t<div class=\"elementor-element elementor-element-a377955 elementor-widget elementor-widget-text-editor\" data-id=\"a377955\" data-element_type=\"widget\" data-e-type=\"widget\" data-widget_type=\"text-editor.default\">\n\t\t\t\t<div class=\"elementor-widget-container\">\n\t\t\t\t\t\t\t\t\t<p>Faire progresser le savoir infirmier et am\u00e9liorer les soins de sant\u00e9 en offrant des bourses et des subventions de recherche aux infirmi\u00e8res\/infirmiers et aux \u00e9tudiantes\/\u00e9tudiants en sciences infirmi\u00e8res du Canada.<\/p>\t\t\t\t\t\t\t\t<\/div>\n\t\t\t\t<\/div>\n\t\t\t\t\t<\/div>\n\t\t<\/div>\n\t\t\t\t<div class=\"elementor-column elementor-col-25 elementor-inner-column elementor-element elementor-element-948d751\" data-id=\"948d751\" data-element_type=\"column\" data-e-type=\"column\">\n\t\t\t<div class=\"elementor-widget-wrap\">\n\t\t\t\t\t\t\t<\/div>\n\t\t<\/div>\n\t\t\t\t\t<\/div>\n\t\t<\/section>\n\t\t\t\t\t<\/div>\n\t\t<\/div>\n\t\t\t\t<div class=\"elementor-column elementor-col-33 elementor-top-column elementor-element elementor-element-28583da\" data-id=\"28583da\" data-element_type=\"column\" data-e-type=\"column\">\n\t\t\t<div class=\"elementor-widget-wrap\">\n\t\t\t\t\t\t\t<\/div>\n\t\t<\/div>\n\t\t\t\t\t<\/div>\n\t\t<\/section>\n\t\t\t\t<\/div>\n\t\t","protected":false},"excerpt":{"rendered":"<p>Notre Histoire Depuis 1962, la Fondation des infirmi\u00e8res et infirmiers du Canada aide des infirmi\u00e8res et infirmiers \u00e0 apprendre, \u00e0 poursuivre des recherches et \u00e0 faire avancer les meilleures pratiques infirmi\u00e8res. \u00a0Nous am\u00e9liorons la prestation des soins de sant\u00e9 en octroyant des bourses \u00e0 des \u00e9tudiantes\/\u00e9tudiants et infirmi\u00e8res\/infirmiers \u00e0 tous les niveaux d\u2019\u00e9tudes et en [&hellip;]<\/p>\n","protected":false},"author":49,"featured_media":0,"parent":0,"menu_order":0,"comment_status":"closed","ping_status":"closed","template":"","meta":{"footnotes":"","_links_to":"","_links_to_target":""},"class_list":["post-11629","page","type-page","status-publish","hentry"],"_links":{"self":[{"href":"https:\/\/cnf-fiic.ca\/fr\/wp-json\/wp\/v2\/pages\/11629","targetHints":{"allow":["GET"]}}],"collection":[{"href":"https:\/\/cnf-fiic.ca\/fr\/wp-json\/wp\/v2\/pages"}],"about":[{"href":"https:\/\/cnf-fiic.ca\/fr\/wp-json\/wp\/v2\/types\/page"}],"author":[{"embeddable":true,"href":"https:\/\/cnf-fiic.ca\/fr\/wp-json\/wp\/v2\/users\/49"}],"replies":[{"embeddable":true,"href":"https:\/\/cnf-fiic.ca\/fr\/wp-json\/wp\/v2\/comments?post=11629"}],"version-history":[{"count":0,"href":"https:\/\/cnf-fiic.ca\/fr\/wp-json\/wp\/v2\/pages\/11629\/revisions"}],"wp:attachment":[{"href":"https:\/\/cnf-fiic.ca\/fr\/wp-json\/wp\/v2\/media?parent=11629"}],"curies":[{"name":"wp","href":"https:\/\/api.w.org\/{rel}","templated":true}]}}