{"id":11659,"date":"2021-05-26T03:10:07","date_gmt":"2021-05-26T03:10:07","guid":{"rendered":"https:\/\/cnf.blueprinted.marketing\/?page_id=11659"},"modified":"2021-07-22T15:21:06","modified_gmt":"2021-07-22T19:21:06","slug":"financez-une-bourse-detudes","status":"publish","type":"page","link":"https:\/\/cnf-fiic.ca\/fr\/financez-une-bourse-detudes\/","title":{"rendered":"Financez une bourse d\u2019\u00e9tudes"},"content":{"rendered":"\t\t<div data-elementor-type=\"wp-page\" data-elementor-id=\"11659\" class=\"elementor elementor-11659\" data-elementor-post-type=\"page\">\n\t\t\t\t\t\t<section class=\"elementor-section elementor-top-section elementor-element elementor-element-5d739e9 elementor-section-full_width elementor-section-height-min-height elementor-section-items-stretch elementor-section-content-middle elementor-section-height-default\" data-id=\"5d739e9\" data-element_type=\"section\" data-e-type=\"section\" data-settings=\"{&quot;background_background&quot;:&quot;none&quot;}\">\n\t\t\t\t\t\t<div class=\"elementor-container elementor-column-gap-no\">\n\t\t\t\t\t<div class=\"elementor-column elementor-col-50 elementor-top-column elementor-element elementor-element-a7831b5\" data-id=\"a7831b5\" data-element_type=\"column\" data-e-type=\"column\" data-settings=\"{&quot;background_background&quot;:&quot;none&quot;}\">\n\t\t\t<div class=\"elementor-widget-wrap elementor-element-populated\">\n\t\t\t\t\t\t<div class=\"elementor-element elementor-element-ddccc2b elementor-widget elementor-widget-heading\" data-id=\"ddccc2b\" data-element_type=\"widget\" data-e-type=\"widget\" data-widget_type=\"heading.default\">\n\t\t\t\t<div class=\"elementor-widget-container\">\n\t\t\t\t\t<h2 class=\"elementor-heading-title elementor-size-default\">Financez une bourse d\u2019\u00e9tudes <\/h2>\t\t\t\t<\/div>\n\t\t\t\t<\/div>\n\t\t\t\t<div class=\"elementor-element elementor-element-253fcab elementor-widget-divider--view-line elementor-widget elementor-widget-divider\" data-id=\"253fcab\" data-element_type=\"widget\" data-e-type=\"widget\" data-widget_type=\"divider.default\">\n\t\t\t\t<div class=\"elementor-widget-container\">\n\t\t\t\t\t\t\t<div class=\"elementor-divider\">\n\t\t\t<span class=\"elementor-divider-separator\">\n\t\t\t\t\t\t<\/span>\n\t\t<\/div>\n\t\t\t\t\t\t<\/div>\n\t\t\t\t<\/div>\n\t\t\t\t<div class=\"elementor-element elementor-element-4875076 elementor-widget elementor-widget-text-editor\" data-id=\"4875076\" data-element_type=\"widget\" data-e-type=\"widget\" data-widget_type=\"text-editor.default\">\n\t\t\t\t<div class=\"elementor-widget-container\">\n\t\t\t\t\t\t\t\t\t<p>La Fondation des infirmi\u00e8res et infirmiers du Canada est une source incontournable de bourses d\u2019\u00e9tudes pour certaines des personnes les plus brillantes et talentueuses qui \u00e9tudient les sciences infirmi\u00e8res ou exercent la profession infirmi\u00e8re au pays. Si vous voulez aider quelqu\u2019un \u00e0 entrer dans la profession \u2013 ou permettre \u00e0 des infirmi\u00e8res et infirmiers d\u2019exp\u00e9rience d\u2019approfondir leur savoir et leur comp\u00e9tence \u2013 vous pourriez songer \u00e0 un don destin\u00e9 \u00e0 une bourse d\u2019\u00e9tudes ou de soutien.<\/p><p>Nous offrons des bourses d\u2019\u00e9tudes \u00e0 des personnes tr\u00e8s qualifi\u00e9es retenues pour l\u2019excellence de leurs r\u00e9sultats scolaires et leur potentiel de leadership, ainsi que des bourses de soutien \u00e0 des personnes ayant besoin d\u2019une aide financi\u00e8re. Nous aidons les infirmi\u00e8res et infirmiers \u00e0 apprendre, \u00e0 chercher et \u00e0 faire progresser les meilleures pratiques en s\u2019inscrivant \u00e0 des programmes de baccalaur\u00e9at, de ma\u00eetrise et de doctorat.<\/p><p>Si le financement d\u2019une bourse d\u2019\u00e9tudes vous int\u00e9resse, veuillez \u00e9crire \u00e0 <a href=\"mailto:cmcgarvey@cnf-fiic.ca\">cmcgarvey@cnf-fiic.ca<\/a> pour plus de renseignements.<\/p><p><a href=\"https:\/\/cnf.blueprinted.marketing\/fr\/nos-erudits\/\">Cliquez ici pour en apprendre davantage<\/a>\u00a0sur les \u00e9tudiantes et \u00e9tudiants en sciences infirmi\u00e8res qui b\u00e9n\u00e9ficient de vos dons.<\/p>\t\t\t\t\t\t\t\t<\/div>\n\t\t\t\t<\/div>\n\t\t\t\t\t<\/div>\n\t\t<\/div>\n\t\t\t\t<div class=\"elementor-column elementor-col-50 elementor-top-column elementor-element elementor-element-291c0d8\" data-id=\"291c0d8\" data-element_type=\"column\" data-e-type=\"column\" data-settings=\"{&quot;background_background&quot;:&quot;classic&quot;}\">\n\t\t\t<div class=\"elementor-widget-wrap elementor-element-populated\">\n\t\t\t\t\t\t<div class=\"elementor-element elementor-element-932fe22 elementor-widget elementor-widget-video\" data-id=\"932fe22\" data-element_type=\"widget\" data-e-type=\"widget\" data-settings=\"{&quot;video_type&quot;:&quot;hosted&quot;,&quot;image_overlay&quot;:{&quot;url&quot;:&quot;https:\\\/\\\/cnf.blueprinted.marketing\\\/wp-content\\\/uploads\\\/sites\\\/11\\\/2021\\\/05\\\/Emma-Liisa-Makinen.png&quot;,&quot;id&quot;:&quot;10975&quot;,&quot;size&quot;:&quot;&quot;},&quot;show_image_overlay&quot;:&quot;yes&quot;,&quot;controls&quot;:&quot;yes&quot;}\" data-widget_type=\"video.default\">\n\t\t\t\t<div class=\"elementor-widget-container\">\n\t\t\t\t\t\t\t<div class=\"e-hosted-video elementor-wrapper elementor-open-inline\">\n\t\t\t\t\t<video class=\"elementor-video\" src=\"https:\/\/cnf.blueprinted.marketing\/wp-content\/uploads\/sites\/11\/2021\/05\/CNF_-Fund_Scholarship_Testimonial.mov\" controls=\"\" preload=\"metadata\" controlsList=\"nodownload\"><\/video>\n\t\t\t\t\t\t<div class=\"elementor-custom-embed-image-overlay lazyload\" style=\"background-image:inherit;\" data-bg-image=\"url(https:\/\/cnf-fiic.ca\/wp-content\/uploads\/2021\/05\/Emma-Liisa-Makinen.png)\">\n\t\t\t\t\t\t\t\t\t\t\t\t\t\t\t\t<div class=\"elementor-custom-embed-play\" role=\"button\" aria-label=\"Lire la vid\u00e9o\" tabindex=\"0\">\n\t\t\t\t\t\t\t<i aria-hidden=\"true\" class=\"eicon-play\"><\/i>\t\t\t\t\t\t<\/div>\n\t\t\t\t\t\t\t\t\t<\/div>\n\t\t\t\t\t<\/div>\n\t\t\t\t\t\t<\/div>\n\t\t\t\t<\/div>\n\t\t\t\t<div class=\"elementor-element elementor-element-5ee6c40 elementor-widget elementor-widget-text-editor\" data-id=\"5ee6c40\" data-element_type=\"widget\" data-e-type=\"widget\" data-widget_type=\"text-editor.default\">\n\t\t\t\t<div class=\"elementor-widget-container\">\n\t\t\t\t\t\t\t\t\t<h3>Emma-Liisa Makinen<\/h3><p>Northern Nursing Award 2020-2021<\/p>\t\t\t\t\t\t\t\t<\/div>\n\t\t\t\t<\/div>\n\t\t\t\t\t<\/div>\n\t\t<\/div>\n\t\t\t\t\t<\/div>\n\t\t<\/section>\n\t\t\t\t<\/div>\n\t\t","protected":false},"excerpt":{"rendered":"<p>Financez une bourse d\u2019\u00e9tudes La Fondation des infirmi\u00e8res et infirmiers du Canada est une source incontournable de bourses d\u2019\u00e9tudes pour certaines des personnes les plus brillantes et talentueuses qui \u00e9tudient les sciences infirmi\u00e8res ou exercent la profession infirmi\u00e8re au pays. Si vous voulez aider quelqu\u2019un \u00e0 entrer dans la profession \u2013 ou permettre \u00e0 des [&hellip;]<\/p>\n","protected":false},"author":49,"featured_media":0,"parent":0,"menu_order":0,"comment_status":"closed","ping_status":"closed","template":"","meta":{"footnotes":"","_links_to":"","_links_to_target":""},"class_list":["post-11659","page","type-page","status-publish","hentry"],"_links":{"self":[{"href":"https:\/\/cnf-fiic.ca\/fr\/wp-json\/wp\/v2\/pages\/11659","targetHints":{"allow":["GET"]}}],"collection":[{"href":"https:\/\/cnf-fiic.ca\/fr\/wp-json\/wp\/v2\/pages"}],"about":[{"href":"https:\/\/cnf-fiic.ca\/fr\/wp-json\/wp\/v2\/types\/page"}],"author":[{"embeddable":true,"href":"https:\/\/cnf-fiic.ca\/fr\/wp-json\/wp\/v2\/users\/49"}],"replies":[{"embeddable":true,"href":"https:\/\/cnf-fiic.ca\/fr\/wp-json\/wp\/v2\/comments?post=11659"}],"version-history":[{"count":0,"href":"https:\/\/cnf-fiic.ca\/fr\/wp-json\/wp\/v2\/pages\/11659\/revisions"}],"wp:attachment":[{"href":"https:\/\/cnf-fiic.ca\/fr\/wp-json\/wp\/v2\/media?parent=11659"}],"curies":[{"name":"wp","href":"https:\/\/api.w.org\/{rel}","templated":true}]}}