{"id":11671,"date":"2021-05-27T01:59:46","date_gmt":"2021-05-27T01:59:46","guid":{"rendered":"https:\/\/cnf.blueprinted.marketing\/?page_id=11671"},"modified":"2023-12-06T13:26:27","modified_gmt":"2023-12-06T18:26:27","slug":"bulletin","status":"publish","type":"page","link":"https:\/\/cnf-fiic.ca\/fr\/bulletin\/","title":{"rendered":"Bulletin"},"content":{"rendered":"\t\t<div data-elementor-type=\"wp-page\" data-elementor-id=\"11671\" class=\"elementor elementor-11671\" data-elementor-post-type=\"page\">\n\t\t\t\t\t\t<section class=\"elementor-section elementor-top-section elementor-element elementor-element-5d739e9 elementor-section-full_width elementor-section-height-min-height elementor-section-items-stretch elementor-section-content-middle elementor-section-height-default\" data-id=\"5d739e9\" data-element_type=\"section\" data-e-type=\"section\" data-settings=\"{&quot;background_background&quot;:&quot;none&quot;}\">\n\t\t\t\t\t\t<div class=\"elementor-container elementor-column-gap-no\">\n\t\t\t\t\t<div class=\"elementor-column elementor-col-33 elementor-top-column elementor-element elementor-element-291c0d8\" data-id=\"291c0d8\" data-element_type=\"column\" data-e-type=\"column\" data-settings=\"{&quot;background_background&quot;:&quot;classic&quot;}\">\n\t\t\t<div class=\"elementor-widget-wrap elementor-element-populated\">\n\t\t\t\t\t<div class=\"elementor-background-overlay\"><\/div>\n\t\t\t\t\t\t<section class=\"elementor-section elementor-inner-section elementor-element elementor-element-a3e6d9c elementor-section-boxed elementor-section-height-default elementor-section-height-default\" data-id=\"a3e6d9c\" data-element_type=\"section\" data-e-type=\"section\">\n\t\t\t\t\t\t<div class=\"elementor-container elementor-column-gap-default\">\n\t\t\t\t\t<div class=\"elementor-column elementor-col-50 elementor-inner-column elementor-element elementor-element-e9eb9ff\" data-id=\"e9eb9ff\" data-element_type=\"column\" data-e-type=\"column\">\n\t\t\t<div class=\"elementor-widget-wrap elementor-element-populated\">\n\t\t\t\t\t\t<div class=\"elementor-element elementor-element-ddccc2b elementor-widget elementor-widget-heading\" data-id=\"ddccc2b\" data-element_type=\"widget\" data-e-type=\"widget\" data-widget_type=\"heading.default\">\n\t\t\t\t<div class=\"elementor-widget-container\">\n\t\t\t\t\t<h2 class=\"elementor-heading-title elementor-size-default\">Abonnez-vous \u00e0 notre bulletin<\/h2>\t\t\t\t<\/div>\n\t\t\t\t<\/div>\n\t\t\t\t\t<\/div>\n\t\t<\/div>\n\t\t\t\t<div class=\"elementor-column elementor-col-50 elementor-inner-column elementor-element elementor-element-0ab6e4a\" data-id=\"0ab6e4a\" data-element_type=\"column\" data-e-type=\"column\">\n\t\t\t<div class=\"elementor-widget-wrap elementor-element-populated\">\n\t\t\t\t\t\t<div class=\"elementor-element elementor-element-81a2c8e elementor-hidden-phone elementor-widget elementor-widget-image\" data-id=\"81a2c8e\" data-element_type=\"widget\" data-e-type=\"widget\" data-widget_type=\"image.default\">\n\t\t\t\t<div class=\"elementor-widget-container\">\n\t\t\t\t\t\t\t\t\t\t\t\t\t\t\t<img fetchpriority=\"high\" decoding=\"async\" width=\"860\" height=\"1072\" src=\"https:\/\/cnf-fiic.ca\/wp-content\/uploads\/2021\/05\/white-arrow.png\" class=\"attachment-full size-full wp-image-10881\" alt=\"Subscribe to Our Newsletter\" srcset=\"https:\/\/cnf-fiic.ca\/wp-content\/uploads\/2021\/05\/white-arrow.png 860w, https:\/\/cnf-fiic.ca\/wp-content\/uploads\/2021\/05\/white-arrow-241x300.png 241w, https:\/\/cnf-fiic.ca\/wp-content\/uploads\/2021\/05\/white-arrow-821x1024.png 821w, https:\/\/cnf-fiic.ca\/wp-content\/uploads\/2021\/05\/white-arrow-768x957.png 768w\" sizes=\"(max-width: 860px) 100vw, 860px\" \/>\t\t\t\t\t\t\t\t\t\t\t\t\t\t\t<\/div>\n\t\t\t\t<\/div>\n\t\t\t\t\t<\/div>\n\t\t<\/div>\n\t\t\t\t\t<\/div>\n\t\t<\/section>\n\t\t\t\t<div class=\"elementor-element elementor-element-284ae2c elementor-widget elementor-widget-text-editor\" data-id=\"284ae2c\" data-element_type=\"widget\" data-e-type=\"widget\" data-widget_type=\"text-editor.default\">\n\t\t\t\t<div class=\"elementor-widget-container\">\n\t\t\t\t\t\t\t\t\t<h3><strong>Point de mire sur la Fondation<\/strong><\/h3>\n<p>Point de mire est le bulletin d\u2019information officiel de la Fondation des infirmi\u00e8res et infirmiers du Canada. On y trouve notamment des nouvelles de la Fondation, des articles int\u00e9ressants, des listes de r\u00e9cipiendaires des bourses d\u2019\u00e9tudes et de recherche, les conclusions de recherches en sciences infirmi\u00e8res et des calendriers d\u2019activit\u00e9s.<\/p><p><a href=\"http:\/\/chrome-extension:\/\/efaidnbmnnnibpcajpcglclefindmkaj\/https:\/\/cnf-fiic.ca\/wp-content\/uploads\/2023\/12\/CNF_Newsletter-Winter-2023_Digital_F.pdf\" target=\"_blank\">Lisez notre newsletter ici<\/a><br><\/p>\t\t\t\t\t\t\t\t<\/div>\n\t\t\t\t<\/div>\n\t\t\t\t\t<\/div>\n\t\t<\/div>\n\t\t\t\t<div class=\"elementor-column elementor-col-33 elementor-top-column elementor-element elementor-element-a7831b5\" data-id=\"a7831b5\" data-element_type=\"column\" data-e-type=\"column\" data-settings=\"{&quot;background_background&quot;:&quot;classic&quot;}\">\n\t\t\t<div class=\"elementor-widget-wrap elementor-element-populated\">\n\t\t\t\t\t\t<div class=\"elementor-element elementor-element-4317318 elementor-widget elementor-widget-heading\" data-id=\"4317318\" data-element_type=\"widget\" data-e-type=\"widget\" data-widget_type=\"heading.default\">\n\t\t\t\t<div class=\"elementor-widget-container\">\n\t\t\t\t\t<h4 class=\"elementor-heading-title elementor-size-default\">Ne manquez pas et inscrivez-vous \u00e0 notre bulletin d\u00e8s aujourd'hui! <\/h4>\t\t\t\t<\/div>\n\t\t\t\t<\/div>\n\t\t\t\t<div class=\"elementor-element elementor-element-dc4cdd1 elementor-widget elementor-widget-text-editor\" data-id=\"dc4cdd1\" data-element_type=\"widget\" data-e-type=\"widget\" data-widget_type=\"text-editor.default\">\n\t\t\t\t<div class=\"elementor-widget-container\">\n\t\t\t\t\t\t\t\t\t<table style=\"width: 250px;height: 395px\" border=\"0\" cellspacing=\"5\" cellpadding=\"7\"><tbody><tr><td><p><span class=\"VIiyi\" lang=\"fr\"><span class=\"JLqJ4b ChMk0b\" data-language-for-alternatives=\"fr\" data-language-to-translate-into=\"en\" data-phrase-index=\"0\">Pr\u00e9nom<\/span><\/span>:<\/p><p><\/p><\/td><\/tr><tr><td><p>Nom:<\/p><p><\/p><\/td><\/tr><tr><td><p>Email:<\/p><p><\/p><\/td><\/tr><tr><td><\/td><\/tr><\/tbody><\/table>\t\t\t\t\t\t\t\t<\/div>\n\t\t\t\t<\/div>\n\t\t\t\t\t<\/div>\n\t\t<\/div>\n\t\t\t\t<div class=\"elementor-column elementor-col-33 elementor-top-column elementor-element elementor-element-a407459 elementor-hidden-tablet\" data-id=\"a407459\" data-element_type=\"column\" data-e-type=\"column\" data-settings=\"{&quot;background_background&quot;:&quot;classic&quot;}\">\n\t\t\t<div class=\"elementor-widget-wrap elementor-element-populated\">\n\t\t\t\t\t<div class=\"elementor-background-overlay\"><\/div>\n\t\t\t\t\t\t<div class=\"elementor-element elementor-element-815835d elementor-widget elementor-widget-spacer\" data-id=\"815835d\" data-element_type=\"widget\" data-e-type=\"widget\" data-widget_type=\"spacer.default\">\n\t\t\t\t<div class=\"elementor-widget-container\">\n\t\t\t\t\t\t\t<div class=\"elementor-spacer\">\n\t\t\t<div class=\"elementor-spacer-inner\"><\/div>\n\t\t<\/div>\n\t\t\t\t\t\t<\/div>\n\t\t\t\t<\/div>\n\t\t\t\t\t<\/div>\n\t\t<\/div>\n\t\t\t\t\t<\/div>\n\t\t<\/section>\n\t\t\t\t<section class=\"elementor-section elementor-top-section elementor-element elementor-element-0bff89b elementor-section-full_width elementor-section-height-min-height elementor-section-items-stretch elementor-section-content-middle elementor-hidden-desktop elementor-hidden-tablet elementor-hidden-phone elementor-section-height-default\" data-id=\"0bff89b\" data-element_type=\"section\" data-e-type=\"section\" data-settings=\"{&quot;background_background&quot;:&quot;none&quot;}\">\n\t\t\t\t\t\t<div class=\"elementor-container elementor-column-gap-no\">\n\t\t\t\t\t<div class=\"elementor-column elementor-col-100 elementor-top-column elementor-element elementor-element-d416c6b\" data-id=\"d416c6b\" data-element_type=\"column\" data-e-type=\"column\" data-settings=\"{&quot;background_background&quot;:&quot;classic&quot;}\">\n\t\t\t<div class=\"elementor-widget-wrap elementor-element-populated\">\n\t\t\t\t\t<div class=\"elementor-background-overlay\"><\/div>\n\t\t\t\t\t\t<div class=\"elementor-element elementor-element-df80257 elementor-widget elementor-widget-heading\" data-id=\"df80257\" data-element_type=\"widget\" data-e-type=\"widget\" data-widget_type=\"heading.default\">\n\t\t\t\t<div class=\"elementor-widget-container\">\n\t\t\t\t\t<h3 class=\"elementor-heading-title elementor-size-default\">Bulletins pass\u00e9s <\/h3>\t\t\t\t<\/div>\n\t\t\t\t<\/div>\n\t\t\t\t<div class=\"elementor-element elementor-element-be6efb6 elementor-widget-divider--view-line elementor-widget elementor-widget-divider\" data-id=\"be6efb6\" data-element_type=\"widget\" data-e-type=\"widget\" data-widget_type=\"divider.default\">\n\t\t\t\t<div class=\"elementor-widget-container\">\n\t\t\t\t\t\t\t<div class=\"elementor-divider\">\n\t\t\t<span class=\"elementor-divider-separator\">\n\t\t\t\t\t\t<\/span>\n\t\t<\/div>\n\t\t\t\t\t\t<\/div>\n\t\t\t\t<\/div>\n\t\t\t\t<div class=\"elementor-element elementor-element-a236478 elementor-widget elementor-widget-text-editor\" data-id=\"a236478\" data-element_type=\"widget\" data-e-type=\"widget\" data-widget_type=\"text-editor.default\">\n\t\t\t\t<div class=\"elementor-widget-container\">\n\t\t\t\t\t\t\t\t\t \njQuery(document).ready(function($) { \nvar delay = 100; setTimeout(function() { \n$(&lsquo;.elementor-tab-title&rsquo;).removeClass(&lsquo;elementor-active&rsquo;);\n $(&lsquo;.elementor-tab-content&rsquo;).css(&lsquo;display&rsquo;, &lsquo;none&rsquo;); }, delay); \n}); \n\t\t\t\t\t\t\t\t<\/div>\n\t\t\t\t<\/div>\n\t\t\t\t<div class=\"elementor-element elementor-element-8e5aec9 elementor-widget elementor-widget-text-editor\" data-id=\"8e5aec9\" data-element_type=\"widget\" data-e-type=\"widget\" data-widget_type=\"text-editor.default\">\n\t\t\t\t<div class=\"elementor-widget-container\">\n\t\t\t\t\t\t\t\t\t<table width=\"617\"><tbody><tr><td><strong>2020:<\/strong>\u00a0<a href=\"https:\/\/cnf-fiic.ca\/wp-content\/uploads\/2020\/05\/FoundationFocusEN-1FINAL.pdf\">Spring<\/a>\u00a0| Fall |\u00a0<a href=\"https:\/\/cnf-fiic.ca\/wp-content\/uploads\/2020\/12\/FoundationFocus-Dec-ENG-Final.pdf\">Winter<\/a><\/td><\/tr><tr><td><strong>2019:<\/strong>\u00a0<a href=\"https:\/\/cnf-fiic.ca\/wp-content\/uploads\/2019\/03\/FoundationFocus-Spring2019-NEW.pdf\">Spring<\/a>\u00a0|<a href=\"https:\/\/cnf-fiic.ca\/wp-content\/uploads\/2019\/11\/CNF-Foundation-Focus-Fall-2019.pdf\">\u00a0Fall<\/a><\/td><td><strong>2018:\u00a0<\/strong><a href=\"http:\/\/cnf-fiic.ca\/wp-content\/uploads\/2018\/06\/FoundationFocus-Spring2018_EN_FINAL.pdf\">Spring<\/a>\u00a0|\u00a0<a href=\"http:\/\/cnf-fiic.ca\/wp-content\/uploads\/2018\/11\/FoundationFocus-Fall2018.pdf\">Fall<\/a><\/td><\/tr><tr><td><strong>2017:\u00a0<\/strong><a href=\"http:\/\/cnf-fiic.ca\/wp-content\/uploads\/2017\/06\/FoundationFocus-Spring2017.pdf\">Spring<\/a>\u00a0|\u00a0<a href=\"http:\/\/cnf-fiic.ca\/wp-content\/uploads\/2017\/10\/FoundationFocus-Fall2017_highres.pdf\">Fall<\/a>\u00a0|\u00a0<a href=\"http:\/\/cnf-fiic.ca\/wp-content\/uploads\/2018\/11\/One-Million-in-One-Year-Campaign-Insert.pdf\">Insert<\/a><\/td><td><strong>2016:\u00a0<\/strong><a href=\"http:\/\/cnf-fiic.ca\/wp-content\/uploads\/2016\/05\/FoundationFocus-Spring2016.pdf\">Spring<\/a>\u00a0|\u00a0<a href=\"http:\/\/cnf-fiic.ca\/wp-content\/uploads\/2016\/10\/FoundationFocus-Fall2016.pdf\">Fall<\/a><\/td><\/tr><tr><td><strong>2015:\u00a0<\/strong><a title=\"2015 Spring FF\" href=\"http:\/\/cnf-fiic.ca\/wp-content\/uploads\/2015\/08\/FF-Spring2015_draftH.pdf\">Spring<\/a>\u00a0|<a href=\"http:\/\/cnf-fiic.ca\/wp-content\/uploads\/2016\/05\/FoundationFocus-Fall2015-small.pdf\">\u00a0Fall<\/a><\/td><td><strong>2014:\u00a0<\/strong><a title=\"Spring 2014 FF\" href=\"http:\/\/cnf-fiic.ca\/2014-spring-foundation-focus\/\">Spring<\/a>\u00a0|\u00a0<a title=\"2014 Spring FF\" href=\"http:\/\/cnf-fiic.ca\/2014-fall-foundation-focus\/\">Fall<\/a><\/td><\/tr><tr><td><strong>2013:<\/strong>\u00a0<a href=\"http:\/\/www.cnf-fiic.ca\/documents\/2013\/spring_e\/index.html\" target=\"_blank\" rel=\"noopener\">Spring<\/a>\u00a0|\u00a0<a title=\"2013 Fall | Foundation Focus\" href=\"http:\/\/cnf-fiic.ca\/2013-fall-foundation-focus\/\">Fall<\/a><\/td><td><strong>2012:<\/strong>\u00a0<a href=\"http:\/\/cnf-fiic.ca\/documents\/2012\/Spring_Eng\/index.html\" target=\"_blank\" rel=\"noopener\">Spring<\/a>\u00a0| Fall<\/td><\/tr><tr><td><strong>2011:<\/strong>\u00a0<a href=\"http:\/\/cnf-fiic.ca\/documents\/2011\/Spring_Eng\/index.html\" target=\"_blank\" rel=\"noopener\">Spring<\/a>\u00a0|\u00a0<a href=\"http:\/\/cnf-fiic.ca\/documents\/2011\/Fall_Eng\/index.html\" target=\"_blank\" rel=\"noopener\">Fall<\/a><\/td><td><strong>2010:<\/strong>\u00a0<a href=\"http:\/\/cnf-fiic.ca\/documents\/2010\/Spring_Eng\/index.html\" target=\"_blank\" rel=\"noopener\">Spring<\/a>\u00a0| Fall<\/td><\/tr><tr><td><strong>2009:<\/strong>\u00a0Spring | Fall<\/td><td><strong>2008:<\/strong>\u00a0Spring |\u00a0<a href=\"http:\/\/www.cnf-fiic.ca\/documents\/2008\/Fall_Bil\/index.html\" target=\"_blank\" rel=\"noopener\">Fall<\/a>\u00a0|\u00a0<a href=\"http:\/\/www.cnf-fiic.ca\/documents\/2008\/Winter_Bil\/index.html\" target=\"_blank\" rel=\"noopener\">Winter<\/a><\/td><\/tr><tr><td><strong>2007:<\/strong>\u00a0<a href=\"http:\/\/www.cnf-fiic.ca\/documents\/2007\/spring_e\/index.html\" target=\"_blank\" rel=\"noopener\">Spring<\/a>\u00a0| Fall<\/td><td><strong>2006:<\/strong>\u00a0<a href=\"http:\/\/www.cnf-fiic.ca\/documents\/2006\/Spring_Eng\/index.html\" target=\"_blank\" rel=\"noopener\">Spring<\/a>\u00a0| Fall<\/td><\/tr><tr><td><strong>2005:<\/strong>\u00a0<a href=\"http:\/\/www.cnf-fiic.ca\/documents\/2005\/spring_e\/index.html\" target=\"_blank\" rel=\"noopener\">Spring<\/a>\u00a0|\u00a0<a href=\"http:\/\/www.cnf-fiic.ca\/documents\/2005\/fall_e\/index.html\" target=\"_blank\" rel=\"noopener\">Fall<\/a><\/td><td><strong>2004:<\/strong>\u00a0Spring |\u00a0<a href=\"http:\/\/www.cnf-fiic.ca\/documents\/2004\/fall_e\/index.html\" target=\"_blank\" rel=\"noopener\">Fall<\/a><\/td><\/tr><tr><td><strong>2003:<\/strong>\u00a0<a href=\"http:\/\/www.cnf-fiic.ca\/documents\/2003\/spring_e\/index.html\" target=\"_blank\" rel=\"noopener\">Spring<\/a>\u00a0|\u00a0<a href=\"http:\/\/www.cnf-fiic.ca\/documents\/2003\/fall_e\/index.html\" target=\"_blank\" rel=\"noopener\">Fall<\/a><\/td><td><strong>2002:<\/strong>\u00a0Spring | Fall<\/td><\/tr><\/tbody><\/table>\t\t\t\t\t\t\t\t<\/div>\n\t\t\t\t<\/div>\n\t\t\t\t\t<\/div>\n\t\t<\/div>\n\t\t\t\t\t<\/div>\n\t\t<\/section>\n\t\t\t\t<\/div>\n\t\t","protected":false},"excerpt":{"rendered":"<p>Abonnez-vous \u00e0 notre bulletin Point de mire sur la Fondation Point de mire est le bulletin d\u2019information officiel de la Fondation des infirmi\u00e8res et infirmiers du Canada. On y trouve notamment des nouvelles de la Fondation, des articles int\u00e9ressants, des listes de r\u00e9cipiendaires des bourses d\u2019\u00e9tudes et de recherche, les conclusions de recherches en sciences [&hellip;]<\/p>\n","protected":false},"author":49,"featured_media":0,"parent":0,"menu_order":0,"comment_status":"closed","ping_status":"closed","template":"","meta":{"footnotes":"","_links_to":"","_links_to_target":""},"class_list":["post-11671","page","type-page","status-publish","hentry"],"_links":{"self":[{"href":"https:\/\/cnf-fiic.ca\/fr\/wp-json\/wp\/v2\/pages\/11671","targetHints":{"allow":["GET"]}}],"collection":[{"href":"https:\/\/cnf-fiic.ca\/fr\/wp-json\/wp\/v2\/pages"}],"about":[{"href":"https:\/\/cnf-fiic.ca\/fr\/wp-json\/wp\/v2\/types\/page"}],"author":[{"embeddable":true,"href":"https:\/\/cnf-fiic.ca\/fr\/wp-json\/wp\/v2\/users\/49"}],"replies":[{"embeddable":true,"href":"https:\/\/cnf-fiic.ca\/fr\/wp-json\/wp\/v2\/comments?post=11671"}],"version-history":[{"count":0,"href":"https:\/\/cnf-fiic.ca\/fr\/wp-json\/wp\/v2\/pages\/11671\/revisions"}],"wp:attachment":[{"href":"https:\/\/cnf-fiic.ca\/fr\/wp-json\/wp\/v2\/media?parent=11671"}],"curies":[{"name":"wp","href":"https:\/\/api.w.org\/{rel}","templated":true}]}}