{"id":32535,"date":"2023-08-23T10:31:33","date_gmt":"2023-08-23T14:31:33","guid":{"rendered":"https:\/\/cnf-fiic.ca\/?page_id=32535"},"modified":"2023-10-31T19:47:08","modified_gmt":"2023-10-31T23:47:08","slug":"fonds-covid-19-pour-les-infirmieres-et-infirmiers-2","status":"publish","type":"page","link":"https:\/\/cnf-fiic.ca\/fr\/fonds-covid-19-pour-les-infirmieres-et-infirmiers-2\/","title":{"rendered":"Gu\u00e9rir les soins de sant\u00e9"},"content":{"rendered":"\t\t<div data-elementor-type=\"wp-page\" data-elementor-id=\"32535\" class=\"elementor elementor-32535\" data-elementor-post-type=\"page\">\n\t\t\t\t\t\t<section class=\"elementor-section elementor-top-section elementor-element elementor-element-5d739e9 elementor-section-full_width elementor-section-height-min-height elementor-section-items-stretch elementor-section-content-middle elementor-section-height-default\" data-id=\"5d739e9\" data-element_type=\"section\" data-e-type=\"section\" data-settings=\"{&quot;background_background&quot;:&quot;none&quot;,&quot;shape_divider_bottom_negative&quot;:&quot;yes&quot;,&quot;shape_divider_bottom&quot;:&quot;triangle&quot;}\">\n\t\t\t\t\t<div class=\"elementor-shape elementor-shape-bottom\" aria-hidden=\"true\" data-negative=\"true\">\n\t\t\t<svg xmlns=\"http:\/\/www.w3.org\/2000\/svg\" viewBox=\"0 0 1000 100\" preserveAspectRatio=\"none\">\n\t<path class=\"elementor-shape-fill\" d=\"M500.2,94.7L0,0v100h1000V0L500.2,94.7z\"\/>\n<\/svg>\t\t<\/div>\n\t\t\t\t\t<div class=\"elementor-container elementor-column-gap-no\">\n\t\t\t\t\t<div class=\"elementor-column elementor-col-33 elementor-top-column elementor-element elementor-element-291c0d8\" data-id=\"291c0d8\" data-element_type=\"column\" data-e-type=\"column\" data-settings=\"{&quot;background_background&quot;:&quot;classic&quot;}\">\n\t\t\t<div class=\"elementor-widget-wrap\">\n\t\t\t\t\t\t\t<\/div>\n\t\t<\/div>\n\t\t\t\t<div class=\"elementor-column elementor-col-33 elementor-top-column elementor-element elementor-element-a7831b5\" data-id=\"a7831b5\" data-element_type=\"column\" data-e-type=\"column\" data-settings=\"{&quot;background_background&quot;:&quot;none&quot;}\">\n\t\t\t<div class=\"elementor-widget-wrap elementor-element-populated\">\n\t\t\t\t\t\t<div class=\"elementor-element elementor-element-ddccc2b elementor-widget elementor-widget-heading\" data-id=\"ddccc2b\" data-element_type=\"widget\" data-e-type=\"widget\" data-widget_type=\"heading.default\">\n\t\t\t\t<div class=\"elementor-widget-container\">\n\t\t\t\t\t<h2 class=\"elementor-heading-title elementor-size-default\">Gu\u00e9rir les soins de sant\u00e9 <\/h2>\t\t\t\t<\/div>\n\t\t\t\t<\/div>\n\t\t\t\t<div class=\"elementor-element elementor-element-253fcab elementor-widget-divider--view-line elementor-widget elementor-widget-divider\" data-id=\"253fcab\" data-element_type=\"widget\" data-e-type=\"widget\" data-widget_type=\"divider.default\">\n\t\t\t\t<div class=\"elementor-widget-container\">\n\t\t\t\t\t\t\t<div class=\"elementor-divider\">\n\t\t\t<span class=\"elementor-divider-separator\">\n\t\t\t\t\t\t<\/span>\n\t\t<\/div>\n\t\t\t\t\t\t<\/div>\n\t\t\t\t<\/div>\n\t\t\t\t<div class=\"elementor-element elementor-element-4875076 elementor-widget elementor-widget-text-editor\" data-id=\"4875076\" data-element_type=\"widget\" data-e-type=\"widget\" data-widget_type=\"text-editor.default\">\n\t\t\t\t<div class=\"elementor-widget-container\">\n\t\t\t\t\t\t\t\t\t<p>Depuis 1962, la Fondation des infirmi\u00e8res et infirmiers du Canada a investi plus de 12 millions de dollars pour aider plus de 2 000 membres du personnel infirmier et chercheur.e.s et \u00e9tudiant.e.s en sciences infirmi\u00e8res \u00e0 faire progresser la pratique, le savoir et les soins infirmiers au Canada.<\/p><p>Les derni\u00e8res ann\u00e9es ont \u00e9t\u00e9 difficiles pour la population canadienne, dont le gagne-pain et le mode de vie ont \u00e9t\u00e9 durement \u00e9branl\u00e9s par des d\u00e9fis \u00e9conomiques, environnementaux, soci\u00e9taux et sanitaires. La r\u00e9silience du pays et de ses fondements a \u00e9t\u00e9 mise \u00e0 l\u2019\u00e9preuve. Cela a notamment \u00e9t\u00e9 le cas du personnel infirmier et des \u00e9tudiant.e.s en sciences infirmi\u00e8res.<\/p><p>D\u2019un oc\u00e9an \u00e0 l\u2019autre, la Fondation des infirmi\u00e8res et infirmiers du Canada (FIIC) comprend les d\u00e9fis qu\u2019affrontent les personnes qui \u0153uvrent au sein de la profession infirmi\u00e8re ou qui aspirent \u00e0 en faire partie. Ces d\u00e9fis limitent leur contribution \u00e0 l\u2019am\u00e9lioration de la vie de nos concitoyens.<\/p><p>La FIIC est pr\u00eate \u00e0 relever ces d\u00e9fis d\u2019aujourd\u2019hui et ceux de demain en offrant des solutions qui am\u00e9lioreront la qualit\u00e9 des soins dispens\u00e9s \u00e0 la population. Ses investissements dans le recrutement, la r\u00e9tention, la sant\u00e9 mentale et le perfectionnement du personnel infirmier et dans des programmes de recherche anim\u00e9s par des infirmi\u00e8res et infirmiers viseront en priorit\u00e9 \u00e0 am\u00e9liorer les r\u00e9sultats pour la sant\u00e9. Le dynamisme et la sant\u00e9 du pays d\u00e9pendent d\u2019une communaut\u00e9 infirmi\u00e8re dot\u00e9e des ressources n\u00e9cessaires.<\/p><p>La FIIC r\u00e9pond \u00e0 ces besoins par les quatre piliers de son initiative Gu\u00e9rir les soins de sant\u00e9, dont le financement garantira en outre l\u2019\u00e9quit\u00e9, la diversit\u00e9 et l\u2019inclusion au niveau de tous les programmes.<\/p>\t\t\t\t\t\t\t\t<\/div>\n\t\t\t\t<\/div>\n\t\t\t\t<div class=\"elementor-element elementor-element-a8164b6 elementor-align-center elementor-widget elementor-widget-button\" data-id=\"a8164b6\" data-element_type=\"widget\" data-e-type=\"widget\" data-widget_type=\"button.default\">\n\t\t\t\t<div class=\"elementor-widget-container\">\n\t\t\t\t\t\t\t\t\t<div class=\"elementor-button-wrapper\">\n\t\t\t\t\t<a class=\"elementor-button elementor-button-link elementor-size-sm\" href=\"http:\/\/weblink.donorperfect.com\/CNF-FIIC_dongeneral\" target=\"_blank\">\n\t\t\t\t\t\t<span class=\"elementor-button-content-wrapper\">\n\t\t\t\t\t\t\t\t\t<span class=\"elementor-button-text\">soutenez nos infirmi\u00e8res et infirmiers aujourd'hui <\/span>\n\t\t\t\t\t<\/span>\n\t\t\t\t\t<\/a>\n\t\t\t\t<\/div>\n\t\t\t\t\t\t\t\t<\/div>\n\t\t\t\t<\/div>\n\t\t\t\t\t<\/div>\n\t\t<\/div>\n\t\t\t\t<div class=\"elementor-column elementor-col-33 elementor-top-column elementor-element elementor-element-106ea27 elementor-hidden-phone\" data-id=\"106ea27\" data-element_type=\"column\" data-e-type=\"column\" data-settings=\"{&quot;background_background&quot;:&quot;classic&quot;}\">\n\t\t\t<div class=\"elementor-widget-wrap\">\n\t\t\t\t\t\t\t<\/div>\n\t\t<\/div>\n\t\t\t\t\t<\/div>\n\t\t<\/section>\n\t\t\t\t<section class=\"elementor-section elementor-top-section elementor-element elementor-element-aeaf130 elementor-section-boxed elementor-section-height-default elementor-section-height-default\" data-id=\"aeaf130\" data-element_type=\"section\" data-e-type=\"section\" data-settings=\"{&quot;shape_divider_top&quot;:&quot;triangle&quot;}\">\n\t\t\t\t\t<div class=\"elementor-shape elementor-shape-top\" aria-hidden=\"true\" data-negative=\"false\">\n\t\t\t<svg xmlns=\"http:\/\/www.w3.org\/2000\/svg\" viewBox=\"0 0 1000 100\" preserveAspectRatio=\"none\">\n\t<path class=\"elementor-shape-fill\" d=\"M500,98.9L0,6.1V0h1000v6.1L500,98.9z\"\/>\n<\/svg>\t\t<\/div>\n\t\t\t\t\t<div class=\"elementor-container elementor-column-gap-default\">\n\t\t\t\t\t<div class=\"elementor-column elementor-col-100 elementor-top-column elementor-element elementor-element-0466cf9\" data-id=\"0466cf9\" data-element_type=\"column\" data-e-type=\"column\">\n\t\t\t<div class=\"elementor-widget-wrap elementor-element-populated\">\n\t\t\t\t\t\t<div class=\"elementor-element elementor-element-32db055 elementor-widget elementor-widget-image\" data-id=\"32db055\" data-element_type=\"widget\" data-e-type=\"widget\" data-widget_type=\"image.default\">\n\t\t\t\t<div class=\"elementor-widget-container\">\n\t\t\t\t\t\t\t\t\t\t\t\t\t\t\t<img fetchpriority=\"high\" decoding=\"async\" width=\"800\" height=\"266\" src=\"https:\/\/cnf-fiic.ca\/wp-content\/uploads\/2023\/08\/research-2.png\" class=\"attachment-large size-large wp-image-32555\" alt=\"\" srcset=\"https:\/\/cnf-fiic.ca\/wp-content\/uploads\/2023\/08\/research-2.png 976w, https:\/\/cnf-fiic.ca\/wp-content\/uploads\/2023\/08\/research-2-300x100.png 300w, https:\/\/cnf-fiic.ca\/wp-content\/uploads\/2023\/08\/research-2-768x255.png 768w\" sizes=\"(max-width: 800px) 100vw, 800px\" \/>\t\t\t\t\t\t\t\t\t\t\t\t\t\t\t<\/div>\n\t\t\t\t<\/div>\n\t\t\t\t\t<\/div>\n\t\t<\/div>\n\t\t\t\t\t<\/div>\n\t\t<\/section>\n\t\t\t\t<section class=\"elementor-section elementor-top-section elementor-element elementor-element-a42baa8 elementor-section-boxed elementor-section-height-default elementor-section-height-default\" data-id=\"a42baa8\" data-element_type=\"section\" data-e-type=\"section\">\n\t\t\t\t\t\t\t<div class=\"elementor-background-overlay\"><\/div>\n\t\t\t\t\t\t\t<div class=\"elementor-container elementor-column-gap-default\">\n\t\t\t\t\t<div class=\"elementor-column elementor-col-33 elementor-top-column elementor-element elementor-element-1adaded\" data-id=\"1adaded\" data-element_type=\"column\" data-e-type=\"column\">\n\t\t\t<div class=\"elementor-widget-wrap\">\n\t\t\t\t\t\t\t<\/div>\n\t\t<\/div>\n\t\t\t\t<div class=\"elementor-column elementor-col-33 elementor-top-column elementor-element elementor-element-a54ea28\" data-id=\"a54ea28\" data-element_type=\"column\" data-e-type=\"column\" data-settings=\"{&quot;background_background&quot;:&quot;none&quot;}\">\n\t\t\t<div class=\"elementor-widget-wrap elementor-element-populated\">\n\t\t\t\t\t\t<div class=\"elementor-element elementor-element-d017c77 elementor-tabs-view-horizontal elementor-widget elementor-widget-tabs\" data-id=\"d017c77\" data-element_type=\"widget\" data-e-type=\"widget\" data-widget_type=\"tabs.default\">\n\t\t\t\t<div class=\"elementor-widget-container\">\n\t\t\t\t\t\t\t<div class=\"elementor-tabs\">\n\t\t\t<div class=\"elementor-tabs-wrapper\" role=\"tablist\" >\n\t\t\t\t\t\t\t\t\t<div id=\"elementor-tab-title-2181\" class=\"elementor-tab-title elementor-tab-desktop-title\" aria-selected=\"true\" data-tab=\"1\" role=\"tab\" tabindex=\"0\" aria-controls=\"elementor-tab-content-2181\" aria-expanded=\"false\">Promotion des \u00e9tudes infirmi\u00e8res<\/div>\n\t\t\t\t\t\t\t\t\t<div id=\"elementor-tab-title-2182\" class=\"elementor-tab-title elementor-tab-desktop-title\" aria-selected=\"false\" data-tab=\"2\" role=\"tab\" tabindex=\"-1\" aria-controls=\"elementor-tab-content-2182\" aria-expanded=\"false\">Sant\u00e9 mentale<\/div>\n\t\t\t\t\t\t\t\t\t<div id=\"elementor-tab-title-2183\" class=\"elementor-tab-title elementor-tab-desktop-title\" aria-selected=\"false\" data-tab=\"3\" role=\"tab\" tabindex=\"-1\" aria-controls=\"elementor-tab-content-2183\" aria-expanded=\"false\">Mentorat<\/div>\n\t\t\t\t\t\t\t\t\t<div id=\"elementor-tab-title-2184\" class=\"elementor-tab-title elementor-tab-desktop-title\" aria-selected=\"false\" data-tab=\"4\" role=\"tab\" tabindex=\"-1\" aria-controls=\"elementor-tab-content-2184\" aria-expanded=\"false\">Recherche<\/div>\n\t\t\t\t\t\t\t<\/div>\n\t\t\t<div class=\"elementor-tabs-content-wrapper\" role=\"tablist\" aria-orientation=\"vertical\">\n\t\t\t\t\t\t\t\t\t<div class=\"elementor-tab-title elementor-tab-mobile-title\" aria-selected=\"true\" data-tab=\"1\" role=\"tab\" tabindex=\"0\" aria-controls=\"elementor-tab-content-2181\" aria-expanded=\"false\">Promotion des \u00e9tudes infirmi\u00e8res<\/div>\n\t\t\t\t\t<div id=\"elementor-tab-content-2181\" class=\"elementor-tab-content elementor-clearfix\" data-tab=\"1\" role=\"tabpanel\" aria-labelledby=\"elementor-tab-title-2181\" tabindex=\"0\" hidden=\"false\"><h3>Promotion des \u00e9tudes infirmi\u00e8res<\/h3><p>Accro\u00eetre le nombre et la valeur des bourses annuelles pour soutenir des personnes engag\u00e9es dans des \u00e9tudes de sp\u00e9cialisation, de baccalaur\u00e9at, de ma\u00eetrise et de doctorat et favoriser l\u2019inclusion des populations sous-repr\u00e9sent\u00e9es.<\/p><\/div>\n\t\t\t\t\t\t\t\t\t<div class=\"elementor-tab-title elementor-tab-mobile-title\" aria-selected=\"false\" data-tab=\"2\" role=\"tab\" tabindex=\"-1\" aria-controls=\"elementor-tab-content-2182\" aria-expanded=\"false\">Sant\u00e9 mentale<\/div>\n\t\t\t\t\t<div id=\"elementor-tab-content-2182\" class=\"elementor-tab-content elementor-clearfix\" data-tab=\"2\" role=\"tabpanel\" aria-labelledby=\"elementor-tab-title-2182\" tabindex=\"0\" hidden=\"hidden\"><h3>Un personnel infirmier en sant\u00e9 pour des communaut\u00e9s en sant\u00e9<\/h3><p>Devenir partenaire et contribuer au financement de programmes qui favorisent le mieux-\u00eatre des membres de la profession infirmi\u00e8re et des personnes qui d\u00e9sirent joindre leurs rangs. Un investissement dans des programmes ax\u00e9s sur la sant\u00e9 mentale, la dynamique de vie, le soutien et le bien-\u00eatre des infirmi\u00e8res et infirmiers sera garant de communaut\u00e9s en sant\u00e9.<\/p><\/div>\n\t\t\t\t\t\t\t\t\t<div class=\"elementor-tab-title elementor-tab-mobile-title\" aria-selected=\"false\" data-tab=\"3\" role=\"tab\" tabindex=\"-1\" aria-controls=\"elementor-tab-content-2183\" aria-expanded=\"false\">Mentorat<\/div>\n\t\t\t\t\t<div id=\"elementor-tab-content-2183\" class=\"elementor-tab-content elementor-clearfix\" data-tab=\"3\" role=\"tabpanel\" aria-labelledby=\"elementor-tab-title-2183\" tabindex=\"0\" hidden=\"hidden\"><h3>Fa\u00e7onnement de l\u2019avenir des soins infirmiers<\/h3><p>Aller au-del\u00e0 des bourses traditionnelles en investissant dans de nouvelles possibilit\u00e9s de mentorat, de coaching et de partage des meilleures pratiques au sein de la profession infirmi\u00e8re.<\/p><\/div>\n\t\t\t\t\t\t\t\t\t<div class=\"elementor-tab-title elementor-tab-mobile-title\" aria-selected=\"false\" data-tab=\"4\" role=\"tab\" tabindex=\"-1\" aria-controls=\"elementor-tab-content-2184\" aria-expanded=\"false\">Recherche<\/div>\n\t\t\t\t\t<div id=\"elementor-tab-content-2184\" class=\"elementor-tab-content elementor-clearfix\" data-tab=\"4\" role=\"tabpanel\" aria-labelledby=\"elementor-tab-title-2184\" tabindex=\"0\" hidden=\"hidden\"><h3>Recherche sur la sant\u00e9<\/h3><p>Continuer \u00e0 faire progresser les recherches qui font intervenir des infirmi\u00e8res et infirmiers ou les aident \u00e0 dispenser les meilleurs soins possibles aux patients. Les recherches pilot\u00e9es par des infirmi\u00e8res et infirmiers ont beaucoup contribu\u00e9 \u00e0 changer les pratiques et \u00e0 am\u00e9liorer les r\u00e9sultats. Aux premi\u00e8res lignes de la prestation des soins, les infirmi\u00e8res et infirmiers occupent une position privil\u00e9gi\u00e9e pour rep\u00e9rer des occasions de faire \u00e9voluer le syst\u00e8me et poss\u00e8dent souvent les aptitudes et les connaissances voulues pour diriger de telles recherches.<\/p><\/div>\n\t\t\t\t\t\t\t<\/div>\n\t\t<\/div>\n\t\t\t\t\t\t<\/div>\n\t\t\t\t<\/div>\n\t\t\t\t\t<\/div>\n\t\t<\/div>\n\t\t\t\t<div class=\"elementor-column elementor-col-33 elementor-top-column elementor-element elementor-element-28583da\" data-id=\"28583da\" data-element_type=\"column\" data-e-type=\"column\">\n\t\t\t<div class=\"elementor-widget-wrap\">\n\t\t\t\t\t\t\t<\/div>\n\t\t<\/div>\n\t\t\t\t\t<\/div>\n\t\t<\/section>\n\t\t\t\t<section class=\"elementor-section elementor-top-section elementor-element elementor-element-0942782 elementor-section-boxed elementor-section-height-default elementor-section-height-default\" data-id=\"0942782\" data-element_type=\"section\" data-e-type=\"section\">\n\t\t\t\t\t\t<div class=\"elementor-container elementor-column-gap-default\">\n\t\t\t\t\t<div class=\"elementor-column elementor-col-100 elementor-top-column elementor-element elementor-element-278fb23\" data-id=\"278fb23\" data-element_type=\"column\" data-e-type=\"column\">\n\t\t\t<div class=\"elementor-widget-wrap elementor-element-populated\">\n\t\t\t\t\t\t<div class=\"elementor-element elementor-element-269f9f3 elementor-widget elementor-widget-image\" data-id=\"269f9f3\" data-element_type=\"widget\" data-e-type=\"widget\" data-widget_type=\"image.default\">\n\t\t\t\t<div class=\"elementor-widget-container\">\n\t\t\t\t\t\t\t\t\t\t\t\t\t\t\t<img decoding=\"async\" width=\"579\" height=\"226\" data-src=\"https:\/\/cnf-fiic.ca\/wp-content\/uploads\/2023\/08\/NURSE-2.png\" class=\"attachment-large size-large wp-image-32560 lazyload\" alt=\"\" data-srcset=\"https:\/\/cnf-fiic.ca\/wp-content\/uploads\/2023\/08\/NURSE-2.png 579w, https:\/\/cnf-fiic.ca\/wp-content\/uploads\/2023\/08\/NURSE-2-300x117.png 300w\" data-sizes=\"(max-width: 579px) 100vw, 579px\" src=\"data:image\/svg+xml;base64,PHN2ZyB3aWR0aD0iMSIgaGVpZ2h0PSIxIiB4bWxucz0iaHR0cDovL3d3dy53My5vcmcvMjAwMC9zdmciPjwvc3ZnPg==\" style=\"--smush-placeholder-width: 579px; --smush-placeholder-aspect-ratio: 579\/226;\" \/>\t\t\t\t\t\t\t\t\t\t\t\t\t\t\t<\/div>\n\t\t\t\t<\/div>\n\t\t\t\t\t<\/div>\n\t\t<\/div>\n\t\t\t\t\t<\/div>\n\t\t<\/section>\n\t\t\t\t<\/div>\n\t\t","protected":false},"excerpt":{"rendered":"<p>Gu\u00e9rir les soins de sant\u00e9 Depuis 1962, la Fondation des infirmi\u00e8res et infirmiers du Canada a investi plus de 12 millions de dollars pour aider plus de 2 000 membres du personnel infirmier et chercheur.e.s et \u00e9tudiant.e.s en sciences infirmi\u00e8res \u00e0 faire progresser la pratique, le savoir et les soins infirmiers au Canada. Les derni\u00e8res [&hellip;]<\/p>\n","protected":false},"author":55,"featured_media":0,"parent":0,"menu_order":0,"comment_status":"closed","ping_status":"closed","template":"","meta":{"footnotes":"","_links_to":"","_links_to_target":""},"class_list":["post-32535","page","type-page","status-publish","hentry"],"_links":{"self":[{"href":"https:\/\/cnf-fiic.ca\/fr\/wp-json\/wp\/v2\/pages\/32535","targetHints":{"allow":["GET"]}}],"collection":[{"href":"https:\/\/cnf-fiic.ca\/fr\/wp-json\/wp\/v2\/pages"}],"about":[{"href":"https:\/\/cnf-fiic.ca\/fr\/wp-json\/wp\/v2\/types\/page"}],"author":[{"embeddable":true,"href":"https:\/\/cnf-fiic.ca\/fr\/wp-json\/wp\/v2\/users\/55"}],"replies":[{"embeddable":true,"href":"https:\/\/cnf-fiic.ca\/fr\/wp-json\/wp\/v2\/comments?post=32535"}],"version-history":[{"count":0,"href":"https:\/\/cnf-fiic.ca\/fr\/wp-json\/wp\/v2\/pages\/32535\/revisions"}],"wp:attachment":[{"href":"https:\/\/cnf-fiic.ca\/fr\/wp-json\/wp\/v2\/media?parent=32535"}],"curies":[{"name":"wp","href":"https:\/\/api.w.org\/{rel}","templated":true}]}}